{"id":7,"date":"2019-05-24T15:50:12","date_gmt":"2019-05-24T15:50:12","guid":{"rendered":"https:\/\/uddcolor.com\/?page_id=7"},"modified":"2019-10-23T14:01:15","modified_gmt":"2019-10-23T14:01:15","slug":"home","status":"publish","type":"page","link":"https:\/\/uddcolor.com\/","title":{"rendered":"Home"},"content":{"rendered":"<div class=\"wpb-content-wrapper\"><p>[vc_row css=&#8221;.vc_custom_1558965900711{margin-top: -120px !important;}&#8221;][vc_column width=&#8221;1\/3&#8243; offset=&#8221;vc_hidden-sm vc_hidden-xs&#8221;]<div class=\"ult-content-box-container kuti\" >\t\t<div class=\"ult-content-box\" style=\"box-shadow: px px px px none;-webkit-transition: all 700ms ease;-moz-transition: all 700ms ease;-ms-transition: all 700ms ease;-o-transition: all 700ms ease;transition: all 700ms ease;\"  data-hover_box_shadow=\"none\"    >[vc_single_image image=&#8221;15&#8243; img_size=&#8221;80X80&#8243; alignment=&#8221;center&#8221;][vc_custom_heading text=&#8221;Boj\u00ebra Colorit&#8221; font_container=&#8221;tag:h2|font_size:25|text_align:center|color:%23052664&#8243; google_fonts=&#8221;font_family:Montserrat%3Aregular%2C700|font_style:400%20regular%3A400%3Anormal&#8221;][vc_column_text]<\/p>\n<p style=\"text-align: center;\">Boj\u00ebra per ambiente t\u00eb jashtme dhe t\u00eb brendshme<\/p>\n<p>[\/vc_column_text]\t\t<\/div><\/div>[\/vc_column][vc_column width=&#8221;1\/3&#8243; css=&#8221;.vc_custom_1559307170000{margin-top: -40px !important;}&#8221; offset=&#8221;vc_hidden-sm vc_hidden-xs&#8221;]<div class=\"ult-content-box-container kuti\" >\t\t<div class=\"ult-content-box\" style=\"box-shadow: px px px px none;-webkit-transition: all 700ms ease;-moz-transition: all 700ms ease;-ms-transition: all 700ms ease;-o-transition: all 700ms ease;transition: all 700ms ease;\"  data-hover_box_shadow=\"none\"    >[vc_single_image image=&#8221;18&#8243; img_size=&#8221;80X80&#8243; alignment=&#8221;center&#8221;][vc_custom_heading text=&#8221;Boj\u00ebra Univer&#8221; font_container=&#8221;tag:h2|font_size:25|text_align:center|color:%23052664&#8243; google_fonts=&#8221;font_family:Montserrat%3Aregular%2C700|font_style:400%20regular%3A400%3Anormal&#8221;][vc_column_text]<\/p>\n<p style=\"text-align: center;\">Boj\u00ebra cil\u00ebsore me rendiment mbrojtje<\/p>\n<p>[\/vc_column_text]\t\t<\/div><\/div>[\/vc_column][vc_column width=&#8221;1\/3&#8243; offset=&#8221;vc_hidden-sm vc_hidden-xs&#8221;]<div class=\"ult-content-box-container kuti\" >\t\t<div class=\"ult-content-box\" style=\"box-shadow: px px px px none;-webkit-transition: all 700ms ease;-moz-transition: all 700ms ease;-ms-transition: all 700ms ease;-o-transition: all 700ms ease;transition: all 700ms ease;\"  data-hover_box_shadow=\"none\"    >[vc_single_image image=&#8221;16&#8243; img_size=&#8221;80X80&#8243; alignment=&#8221;center&#8221;][vc_custom_heading text=&#8221;Sherbime&#8221; font_container=&#8221;tag:h2|font_size:25|text_align:center|color:%23052664&#8243; google_fonts=&#8221;font_family:Montserrat%3Aregular%2C700|font_style:400%20regular%3A400%3Anormal&#8221;][vc_column_text]<\/p>\n<p style=\"text-align: center;\">UDD Color ju ofron sh\u00ebrbime cil\u00ebsore<\/p>\n<p>[\/vc_column_text]\t\t<\/div><\/div>[\/vc_column][\/vc_row][vc_row gap=&#8221;30&#8243; css=&#8221;.vc_custom_1559307409606{margin-top: 40px !important;}&#8221;][vc_column width=&#8221;1\/3&#8243; offset=&#8221;vc_hidden-lg vc_hidden-md&#8221;]<div class=\"ult-content-box-container kuti\" >\t\t<div class=\"ult-content-box\" style=\"box-shadow: px px px px none;-webkit-transition: all 700ms ease;-moz-transition: all 700ms ease;-ms-transition: all 700ms ease;-o-transition: all 700ms ease;transition: all 700ms ease;\"  data-hover_box_shadow=\"none\"    >[vc_single_image image=&#8221;15&#8243; img_size=&#8221;80X80&#8243; alignment=&#8221;center&#8221;][vc_custom_heading text=&#8221;Boj\u00ebra Colorit&#8221; font_container=&#8221;tag:h2|font_size:25|text_align:center|color:%23052664&#8243; google_fonts=&#8221;font_family:Montserrat%3Aregular%2C700|font_style:400%20regular%3A400%3Anormal&#8221;][vc_column_text]<\/p>\n<p style=\"text-align: center;\">Boj\u00ebra per ambiente t\u00eb jashtme dhe t\u00eb brendshme<\/p>\n<p>[\/vc_column_text]\t\t<\/div><\/div>[\/vc_column][vc_column width=&#8221;1\/3&#8243; offset=&#8221;vc_hidden-lg vc_hidden-md&#8221;]<div class=\"ult-content-box-container kuti\" >\t\t<div class=\"ult-content-box\" style=\"box-shadow: px px px px none;-webkit-transition: all 700ms ease;-moz-transition: all 700ms ease;-ms-transition: all 700ms ease;-o-transition: all 700ms ease;transition: all 700ms ease;\"  data-hover_box_shadow=\"none\"    >[vc_single_image image=&#8221;18&#8243; img_size=&#8221;80X80&#8243; alignment=&#8221;center&#8221;][vc_custom_heading text=&#8221;Boj\u00ebra Univer&#8221; font_container=&#8221;tag:h2|font_size:25|text_align:center|color:%23052664&#8243; google_fonts=&#8221;font_family:Montserrat%3Aregular%2C700|font_style:400%20regular%3A400%3Anormal&#8221;][vc_column_text]<\/p>\n<p style=\"text-align: center;\">Boj\u00ebra cil\u00ebsore me rendiment mbrojtje<\/p>\n<p>[\/vc_column_text]\t\t<\/div><\/div>[\/vc_column][vc_column width=&#8221;1\/3&#8243; offset=&#8221;vc_hidden-lg vc_hidden-md&#8221;]<div class=\"ult-content-box-container kuti\" >\t\t<div class=\"ult-content-box\" style=\"box-shadow: px px px px none;-webkit-transition: all 700ms ease;-moz-transition: all 700ms ease;-ms-transition: all 700ms ease;-o-transition: all 700ms ease;transition: all 700ms ease;\"  data-hover_box_shadow=\"none\"    >[vc_single_image image=&#8221;16&#8243; img_size=&#8221;80X80&#8243; alignment=&#8221;center&#8221;][vc_custom_heading text=&#8221;Sherbime&#8221; font_container=&#8221;tag:h2|font_size:25|text_align:center|color:%23052664&#8243; google_fonts=&#8221;font_family:Montserrat%3Aregular%2C700|font_style:400%20regular%3A400%3Anormal&#8221;][vc_column_text]<\/p>\n<p style=\"text-align: center;\">UDD Color ju ofron sh\u00ebrbime cil\u00ebsore<\/p>\n<p>[\/vc_column_text]\t\t<\/div><\/div>[\/vc_column][\/vc_row][vc_row full_width=&#8221;stretch_row&#8221; bg_type=&#8221;image&#8221; parallax_style=&#8221;vcpb-default&#8221; bg_image_new=&#8221;id^99|url^https:\/\/uddcolor.com\/wp-content\/uploads\/2019\/05\/paint-5.jpg|caption^null|alt^null|title^paint|description^null&#8221; bg_image_repeat=&#8221;no-repeat&#8221; css=&#8221;.vc_custom_1559306410629{margin-top: 50px !important;}&#8221;][vc_column width=&#8221;1\/2&#8243; offset=&#8221;vc_hidden-sm vc_hidden-xs&#8221;][vc_empty_space height=&#8221;132px&#8221;][\/vc_column][vc_column width=&#8221;1\/2&#8243; css=&#8221;.vc_custom_1559230573572{background-color: d6f8e8 !important;}&#8221;][vc_empty_space height=&#8221;72px&#8221;][vc_custom_heading text=&#8221;Kush Jemi Ne&#8221; font_container=&#8221;tag:h2|font_size:35|text_align:center|color:%23052664&#8243; google_fonts=&#8221;font_family:Montserrat%3Aregular%2C700|font_style:700%20bold%20regular%3A700%3Anormal&#8221;][vc_empty_space][vc_column_text]<\/p>\n<p style=\"text-align: justify;\"><span style=\"color: #333333;\">UDD Color shpk \u00ebsht\u00eb nj\u00eb shoq\u00ebri q\u00eb operon n\u00eb tregun vendas prej disa vitesh. Firma ushtron aktivitetin n\u00eb fush\u00ebn e importimit dhe tregtimit t\u00eb produkteve t\u00eb industris\u00eb s\u00eb bojrave. Produktet e saj jan\u00eb tep\u00ebr cil\u00ebsore dhe me trendet m\u00eb t\u00eb fundit t\u00eb koh\u00ebs, duke plot\u00ebsuar cdo k\u00ebrkes\u00eb tuaj\u00ebn p\u00ebr lyerjen e ambjenteve t\u00eb jashtme e t\u00eb brendshme.<\/span><\/p>\n<p style=\"text-align: justify;\"><span style=\"color: #333333;\">Porosit\u00eb tuaja jan\u00eb t\u00eb shpejta dhe t\u00eb sigurta, prandaj dhe motoja e firm\u00ebs \u00ebsht\u00eb t\u00eb filloni dhe t\u00eb mbaroni me UDD Color, q\u00eb nga veshja e fasadave e deri tek lyerja me bojrat me cil\u00ebsore n\u00eb treg. K\u00ebto produkte jan\u00eb jo vet\u00ebm cil\u00ebsore por dhe me cmime t\u00eb favorshme p\u00ebr ju.<\/span><\/p>\n<p><a style=\"color: #052664;\" href=\"https:\/\/uddcolor.com\/index.php\/rreth-nesh\/\">Lexo m\u00eb shum\u00eb <\/a>[\/vc_column_text][vc_empty_space height=&#8221;42px&#8221;][\/vc_column][\/vc_row][vc_row][vc_column][vc_single_image image=&#8221;71&#8243; img_size=&#8221;medium&#8221; alignment=&#8221;center&#8221; css=&#8221;.vc_custom_1559290596210{margin-right: -80px !important;margin-bottom: -90px !important;margin-left: 80px !important;}&#8221;][vc_custom_heading text=&#8221;Produktet Tona&#8221; font_container=&#8221;tag:h2|font_size:35|text_align:center|color:%23052664&#8243; google_fonts=&#8221;font_family:Montserrat%3Aregular%2C700|font_style:700%20bold%20regular%3A700%3Anormal&#8221;][vc_empty_space][\/vc_column][\/vc_row][vc_row gap=&#8221;25&#8243;][vc_column width=&#8221;1\/4&#8243;]<div class=\"ult-content-box-container kuti\" >\t\t<div class=\"ult-content-box\" style=\"box-shadow: px px px px none;border-style:solid;border-width:3px;border-radius:2px;border-color:transparent;padding:20px;-webkit-transition: all 700ms ease;-moz-transition: all 700ms ease;-ms-transition: all 700ms ease;-o-transition: all 700ms ease;transition: all 700ms ease;\"  data-hover_box_shadow=\"none\"     data-border_color=\"transparent\" >[vc_single_image image=&#8221;82&#8243; img_size=&#8221;full&#8221; alignment=&#8221;center&#8221;][vc_custom_heading text=&#8221;Boj\u00ebra&#8221; font_container=&#8221;tag:h3|font_size:25|text_align:center|color:%2381d742&#8243; google_fonts=&#8221;font_family:Montserrat%3Aregular%2C700|font_style:400%20regular%3A400%3Anormal&#8221;]\t\t<\/div><\/div>[\/vc_column][vc_column width=&#8221;1\/4&#8243;]<div class=\"ult-content-box-container kuti\" >\t\t<div class=\"ult-content-box\" style=\"box-shadow: px px px px none;border-style:solid;border-width:3px;border-radius:2px;border-color:transparent;padding:20px;-webkit-transition: all 700ms ease;-moz-transition: all 700ms ease;-ms-transition: all 700ms ease;-o-transition: all 700ms ease;transition: all 700ms ease;\"  data-hover_box_shadow=\"none\"     data-border_color=\"transparent\" >[vc_single_image image=&#8221;78&#8243; img_size=&#8221;full&#8221; alignment=&#8221;center&#8221;][vc_custom_heading text=&#8221;Fasada&#8221; font_container=&#8221;tag:h3|font_size:25|text_align:center|color:%23e234e5&#8243; google_fonts=&#8221;font_family:Montserrat%3Aregular%2C700|font_style:400%20regular%3A400%3Anormal&#8221;]\t\t<\/div><\/div>[\/vc_column][vc_column width=&#8221;1\/4&#8243;]<div class=\"ult-content-box-container kuti\" >\t\t<div class=\"ult-content-box\" style=\"box-shadow: px px px px none;border-style:solid;border-width:3px;border-radius:2px;border-color:transparent;padding:20px;-webkit-transition: all 700ms ease;-moz-transition: all 700ms ease;-ms-transition: all 700ms ease;-o-transition: all 700ms ease;transition: all 700ms ease;\"  data-hover_box_shadow=\"none\"     data-border_color=\"transparent\" >[vc_single_image image=&#8221;83&#8243; img_size=&#8221;full&#8221; alignment=&#8221;center&#8221;][vc_custom_heading text=&#8221;Izolues&#8221; font_container=&#8221;tag:h3|font_size:25|text_align:center|color:%231d89d1&#8243; google_fonts=&#8221;font_family:Montserrat%3Aregular%2C700|font_style:400%20regular%3A400%3Anormal&#8221;]\t\t<\/div><\/div>[\/vc_column][vc_column width=&#8221;1\/4&#8243;]<div class=\"ult-content-box-container kuti\" >\t\t<div class=\"ult-content-box\" style=\"box-shadow: px px px px none;border-style:solid;border-width:3px;border-radius:2px;border-color:transparent;padding:20px;-webkit-transition: all 700ms ease;-moz-transition: all 700ms ease;-ms-transition: all 700ms ease;-o-transition: all 700ms ease;transition: all 700ms ease;\"  data-hover_box_shadow=\"none\"     data-border_color=\"transparent\" >[vc_single_image image=&#8221;84&#8243; img_size=&#8221;full&#8221; alignment=&#8221;center&#8221;][vc_custom_heading text=&#8221;Dekorative&#8221; font_container=&#8221;tag:h3|font_size:25|text_align:center|color:%23db7532&#8243; google_fonts=&#8221;font_family:Montserrat%3Aregular%2C700|font_style:400%20regular%3A400%3Anormal&#8221;]\t\t<\/div><\/div>[\/vc_column][\/vc_row][vc_row][vc_column][vc_empty_space][\/vc_column][\/vc_row][vc_row full_width=&#8221;stretch_row&#8221; bg_type=&#8221;image&#8221; parallax_style=&#8221;vcpb-default&#8221; bg_image_new=&#8221;id^89|url^https:\/\/uddcolor.com\/wp-content\/uploads\/2019\/05\/baner-1.jpg|caption^null|alt^null|title^baner|description^null&#8221; bg_image_repeat=&#8221;no-repeat&#8221; css=&#8221;.vc_custom_1559299864229{margin-top: 50px !important;}&#8221;][vc_column offset=&#8221;vc_hidden-lg vc_hidden-md&#8221;][vc_single_image image=&#8221;5&#8243; img_size=&#8221;full&#8221; alignment=&#8221;center&#8221;][vc_custom_heading text=&#8221;Cil\u00ebsi e garantuar &amp; \u00e7mimet m\u00eb t\u00eb mira n\u00eb treg&#8221; font_container=&#8221;tag:h2|font_size:26|text_align:center|color:%23052664&#8243; google_fonts=&#8221;font_family:Montserrat%3Aregular%2C700|font_style:700%20bold%20regular%3A700%3Anormal&#8221;][\/vc_column][\/vc_row][vc_row full_width=&#8221;stretch_row&#8221; bg_type=&#8221;image&#8221; parallax_style=&#8221;vcpb-default&#8221; bg_image_new=&#8221;id^89|url^https:\/\/uddcolor.com\/wp-content\/uploads\/2019\/05\/baner-1.jpg|caption^null|alt^null|title^baner|description^null&#8221; bg_image_repeat=&#8221;no-repeat&#8221; css=&#8221;.vc_custom_1559299864229{margin-top: 50px !important;}&#8221;][vc_column width=&#8221;1\/4&#8243; offset=&#8221;vc_hidden-sm vc_hidden-xs&#8221;][vc_empty_space height=&#8221;50px&#8221;][vc_single_image image=&#8221;91&#8243; img_size=&#8221;full&#8221;][vc_empty_space height=&#8221;50px&#8221;][\/vc_column][vc_column width=&#8221;3\/4&#8243; offset=&#8221;vc_hidden-sm vc_hidden-xs&#8221;][vc_empty_space height=&#8221;50px&#8221;][vc_empty_space height=&#8221;50px&#8221;][vc_custom_heading text=&#8221;Cil\u00ebsi e garantuar &amp; \u00e7mimet m\u00eb t\u00eb mira n\u00eb treg&#8221; font_container=&#8221;tag:h2|font_size:36|text_align:center|color:%23052664&#8243; google_fonts=&#8221;font_family:Montserrat%3Aregular%2C700|font_style:700%20bold%20regular%3A700%3Anormal&#8221;][\/vc_column][\/vc_row]<\/p>\n<\/div>","protected":false},"excerpt":{"rendered":"<p>[vc_row css=&#8221;.vc_custom_1558965900711{margin-top: -120px !important;}&#8221;][vc_column width=&#8221;1\/3&#8243; offset=&#8221;vc_hidden-sm vc_hidden-xs&#8221;][\/vc_column][vc_column width=&#8221;1\/3&#8243; css=&#8221;.vc_custom_1559307170000{margin-top: -40px !important;}&#8221; offset=&#8221;vc_hidden-sm vc_hidden-xs&#8221;][\/vc_column][vc_column width=&#8221;1\/3&#8243; offset=&#8221;vc_hidden-sm vc_hidden-xs&#8221;][\/vc_column][\/vc_row][vc_row gap=&#8221;30&#8243; css=&#8221;.vc_custom_1559307409606{margin-top: 40px !important;}&#8221;][vc_column width=&#8221;1\/3&#8243; offset=&#8221;vc_hidden-lg vc_hidden-md&#8221;][\/vc_column][vc_column width=&#8221;1\/3&#8243; offset=&#8221;vc_hidden-lg vc_hidden-md&#8221;][\/vc_column][vc_column width=&#8221;1\/3&#8243; offset=&#8221;vc_hidden-lg vc_hidden-md&#8221;][\/vc_column][\/vc_row][vc_row full_width=&#8221;stretch_row&#8221; bg_type=&#8221;image&#8221; parallax_style=&#8221;vcpb-default&#8221; bg_image_new=&#8221;id^99|url^https:\/\/uddcolor.com\/wp-content\/uploads\/2019\/05\/paint-5.jpg|caption^null|alt^null|title^paint|description^null&#8221; bg_image_repeat=&#8221;no-repeat&#8221; css=&#8221;.vc_custom_1559306410629{margin-top: 50px !important;}&#8221;][vc_column width=&#8221;1\/2&#8243; offset=&#8221;vc_hidden-sm vc_hidden-xs&#8221;][vc_empty_space height=&#8221;132px&#8221;][\/vc_column][vc_column width=&#8221;1\/2&#8243; css=&#8221;.vc_custom_1559230573572{background-color: d6f8e8 !important;}&#8221;][vc_empty_space height=&#8221;72px&#8221;][vc_custom_heading text=&#8221;Kush Jemi Ne&#8221; font_container=&#8221;tag:h2|font_size:35|text_align:center|color:%23052664&#8243; google_fonts=&#8221;font_family:Montserrat%3Aregular%2C700|font_style:700%20bold%20regular%3A700%3Anormal&#8221;][vc_empty_space][vc_column_text] UDD Color shpk \u00ebsht\u00eb&hellip;<\/p>\n","protected":false},"author":2,"featured_media":0,"parent":0,"menu_order":0,"comment_status":"closed","ping_status":"closed","template":"","meta":{"footnotes":""},"class_list":["post-7","page","type-page","status-publish","hentry","description-off"],"_links":{"self":[{"href":"https:\/\/uddcolor.com\/index.php\/wp-json\/wp\/v2\/pages\/7","targetHints":{"allow":["GET"]}}],"collection":[{"href":"https:\/\/uddcolor.com\/index.php\/wp-json\/wp\/v2\/pages"}],"about":[{"href":"https:\/\/uddcolor.com\/index.php\/wp-json\/wp\/v2\/types\/page"}],"author":[{"embeddable":true,"href":"https:\/\/uddcolor.com\/index.php\/wp-json\/wp\/v2\/users\/2"}],"replies":[{"embeddable":true,"href":"https:\/\/uddcolor.com\/index.php\/wp-json\/wp\/v2\/comments?post=7"}],"version-history":[{"count":14,"href":"https:\/\/uddcolor.com\/index.php\/wp-json\/wp\/v2\/pages\/7\/revisions"}],"predecessor-version":[{"id":66,"href":"https:\/\/uddcolor.com\/index.php\/wp-json\/wp\/v2\/pages\/7\/revisions\/66"}],"wp:attachment":[{"href":"https:\/\/uddcolor.com\/index.php\/wp-json\/wp\/v2\/media?parent=7"}],"curies":[{"name":"wp","href":"https:\/\/api.w.org\/{rel}","templated":true}]}}