{"id":174,"date":"2019-05-31T14:24:01","date_gmt":"2019-05-31T14:24:01","guid":{"rendered":"https:\/\/uddcolor.com\/?page_id=174"},"modified":"2019-10-23T14:01:30","modified_gmt":"2019-10-23T14:01:30","slug":"produkte","status":"publish","type":"page","link":"https:\/\/uddcolor.com\/index.php\/produkte\/","title":{"rendered":"Produkte"},"content":{"rendered":"<div class=\"wpb-content-wrapper\"><p>[vc_row][vc_column width=&#8221;1\/2&#8243;][vc_single_image image=&#8221;199&#8243; img_size=&#8221;medium&#8221; css=&#8221;.vc_custom_1559553520068{margin-bottom: -80px !important;margin-left: -30px !important;}&#8221;][\/vc_column][vc_column width=&#8221;1\/2&#8243;][\/vc_column][\/vc_row][vc_row][vc_column width=&#8221;1\/2&#8243;][vc_custom_heading text=&#8221;\u00c7far\u00eb Ofrojm\u00eb? &#8221; font_container=&#8221;tag:h2|font_size:35|text_align:left|color:%23052664&#8243; google_fonts=&#8221;font_family:Montserrat%3Aregular%2C700|font_style:700%20bold%20regular%3A700%3Anormal&#8221;][vc_column_text]<\/p>\n<div style=\"text-align: justify;\"><span style=\"color: #333333;\">Firma UDD Color shpk ofron nj\u00eb gam\u00eb t\u00eb gj\u00ebr\u00eb produktesh n\u00eb industrin\u00eb e<\/span><\/div>\n<div style=\"text-align: justify;\"><span style=\"color: #333333;\"> boj\u00ebrave nga firmat m\u00eb prestigjioze italiane si Colorit dhe Univer.<\/span><\/div>\n<div><span style=\"color: #333333;\">Tek UDD Color do t\u00eb gjeni:<\/span><\/div>\n<p>[\/vc_column_text]<div class=\"standard-arrow bullet-top\"><ul>\n<li><span style=\"color: #333333;\">Boj\u00ebra qe lahen\/ajrosen per perdorim te brendshem dhe te jashtem.<\/span><\/li>\n<li><span style=\"color: #333333;\">Zmalte murale mbrojtese, antikarbonizuese, specifike per mbrojtjen e llacrave.<\/span><\/li>\n<li><span style=\"color: #333333;\">Parandalues myku dhe algash, anti-kondesuese dhe anti-myk me mikrosfere.<\/span><\/li>\n<li><span style=\"color: #333333;\">Boj\u00ebra dekorative akrilike me shkelqim.<\/span><\/li>\n<li><span style=\"color: #333333;\">Izolues, fondi dhe mbushes per perdorim te brendshem dhe te jashtem.<\/span><\/li>\n<li><span style=\"color: #333333;\">Boj\u00ebra quartz akrilike per perdorim te jashtem.<\/span><\/li>\n<li>\n<div><span style=\"color: #333333;\">Boj\u00ebra plastike &amp; Boj\u00ebra t\u00eb brendshme<\/span><\/div>\n<\/li>\n<li><span style=\"color: #333333;\">MOLERIN bojera gjysme-shperhapese per muret e brendshme<\/span><\/li>\n<li><span style=\"color: #333333;\">Boj\u00ebra akrilike, cimentike, silikoni<\/span><\/li>\n<li><span style=\"color: #333333;\">Grafiato akrilike, silikoni, minerale<\/span><\/li>\n<li><span style=\"color: #333333;\">Kolle per kapot<\/span><\/li>\n<li><span style=\"color: #333333;\">Materiale dekorative &amp; Boj\u00ebra druri<\/span><\/li>\n<\/ul>\n<\/div>[\/vc_column][vc_column width=&#8221;1\/2&#8243;][vc_empty_space height=&#8221;52px&#8221;]<div class=\"ult-content-box-container kuti\" >\t\t<div class=\"ult-content-box\" style=\"box-shadow: px px px px none;-webkit-transition: all 700ms ease;-moz-transition: all 700ms ease;-ms-transition: all 700ms ease;-o-transition: all 700ms ease;transition: all 700ms ease;\"  data-hover_box_shadow=\"none\"    >[vc_single_image image=&#8221;18&#8243; img_size=&#8221;80X80&#8243; alignment=&#8221;center&#8221;][vc_custom_heading text=&#8221;Bojra Univer&#8221; font_container=&#8221;tag:h2|font_size:25|text_align:center|color:%23052664&#8243; google_fonts=&#8221;font_family:Montserrat%3Aregular%2C700|font_style:400%20regular%3A400%3Anormal&#8221;][vc_column_text]<\/p>\n<p style=\"text-align: center;\">Boj\u00ebra cil\u00ebsore me rendiment mbrojtje<\/p>\n<p>[\/vc_column_text]\t\t<\/div><\/div>[vc_empty_space height=&#8221;52px&#8221;]<div class=\"ult-content-box-container kuti\" >\t\t<div class=\"ult-content-box\" style=\"box-shadow: px px px px none;-webkit-transition: all 700ms ease;-moz-transition: all 700ms ease;-ms-transition: all 700ms ease;-o-transition: all 700ms ease;transition: all 700ms ease;\"  data-hover_box_shadow=\"none\"    >[vc_single_image image=&#8221;15&#8243; img_size=&#8221;80X80&#8243; alignment=&#8221;center&#8221;][vc_custom_heading text=&#8221;Bojra Colorit&#8221; font_container=&#8221;tag:h2|font_size:25|text_align:center|color:%23052664&#8243; google_fonts=&#8221;font_family:Montserrat%3Aregular%2C700|font_style:400%20regular%3A400%3Anormal&#8221;][vc_column_text]<\/p>\n<p style=\"text-align: center;\">Bojra per ambjente te jashteme dhe te bredshme<\/p>\n<p>[\/vc_column_text]\t\t<\/div><\/div>[\/vc_column][\/vc_row][vc_row gap=&#8221;20&#8243;][vc_column width=&#8221;1\/2&#8243;][\/vc_column][vc_column width=&#8221;1\/2&#8243;][\/vc_column][\/vc_row][vc_row full_width=&#8221;stretch_row&#8221; bg_type=&#8221;image&#8221; parallax_style=&#8221;vcpb-default&#8221; bg_image_new=&#8221;id^89|url^https:\/\/uddcolor.com\/wp-content\/uploads\/2019\/05\/baner-1.jpg|caption^null|alt^null|title^baner|description^null&#8221; bg_image_repeat=&#8221;no-repeat&#8221; css=&#8221;.vc_custom_1559299864229{margin-top: 50px !important;}&#8221;][vc_column offset=&#8221;vc_hidden-lg vc_hidden-md&#8221;][vc_single_image image=&#8221;5&#8243; img_size=&#8221;full&#8221; alignment=&#8221;center&#8221;][vc_custom_heading text=&#8221;Cil\u00ebsi e garantuar &amp; \u00e7mimet m\u00eb t\u00eb mira n\u00eb treg&#8221; font_container=&#8221;tag:h2|font_size:26|text_align:center|color:%23052664&#8243; google_fonts=&#8221;font_family:Montserrat%3Aregular%2C700|font_style:700%20bold%20regular%3A700%3Anormal&#8221;][\/vc_column][\/vc_row][vc_row full_width=&#8221;stretch_row&#8221; bg_type=&#8221;image&#8221; parallax_style=&#8221;vcpb-default&#8221; bg_image_new=&#8221;id^89|url^https:\/\/uddcolor.com\/wp-content\/uploads\/2019\/05\/baner-1.jpg|caption^null|alt^null|title^baner|description^null&#8221; bg_image_repeat=&#8221;no-repeat&#8221; css=&#8221;.vc_custom_1559299864229{margin-top: 50px !important;}&#8221;][vc_column width=&#8221;1\/4&#8243; offset=&#8221;vc_hidden-sm vc_hidden-xs&#8221;][vc_empty_space height=&#8221;50px&#8221;][vc_single_image image=&#8221;91&#8243; img_size=&#8221;full&#8221;][vc_empty_space height=&#8221;50px&#8221;][\/vc_column][vc_column width=&#8221;3\/4&#8243; offset=&#8221;vc_hidden-sm vc_hidden-xs&#8221;][vc_empty_space height=&#8221;50px&#8221;][vc_empty_space height=&#8221;50px&#8221;][vc_custom_heading text=&#8221;Cil\u00ebsi e garantuar &amp; \u00e7mimet m\u00eb t\u00eb mira n\u00eb treg&#8221; font_container=&#8221;tag:h2|font_size:36|text_align:center|color:%23052664&#8243; google_fonts=&#8221;font_family:Montserrat%3Aregular%2C700|font_style:700%20bold%20regular%3A700%3Anormal&#8221;][\/vc_column][\/vc_row]<\/p>\n<\/div>","protected":false},"excerpt":{"rendered":"<p>[vc_row][vc_column width=&#8221;1\/2&#8243;][vc_single_image image=&#8221;199&#8243; img_size=&#8221;medium&#8221; css=&#8221;.vc_custom_1559553520068{margin-bottom: -80px !important;margin-left: -30px !important;}&#8221;][\/vc_column][vc_column width=&#8221;1\/2&#8243;][\/vc_column][\/vc_row][vc_row][vc_column width=&#8221;1\/2&#8243;][vc_custom_heading text=&#8221;\u00c7far\u00eb Ofrojm\u00eb? &#8221; font_container=&#8221;tag:h2|font_size:35|text_align:left|color:%23052664&#8243; google_fonts=&#8221;font_family:Montserrat%3Aregular%2C700|font_style:700%20bold%20regular%3A700%3Anormal&#8221;][vc_column_text] Firma UDD Color shpk ofron nj\u00eb gam\u00eb t\u00eb gj\u00ebr\u00eb produktesh n\u00eb industrin\u00eb e boj\u00ebrave nga firmat m\u00eb prestigjioze italiane si Colorit dhe Univer. Tek UDD Color do t\u00eb gjeni: [\/vc_column_text][\/vc_column][vc_column width=&#8221;1\/2&#8243;][vc_empty_space height=&#8221;52px&#8221;][vc_empty_space height=&#8221;52px&#8221;][\/vc_column][\/vc_row][vc_row gap=&#8221;20&#8243;][vc_column width=&#8221;1\/2&#8243;][\/vc_column][vc_column width=&#8221;1\/2&#8243;][\/vc_column][\/vc_row][vc_row full_width=&#8221;stretch_row&#8221; bg_type=&#8221;image&#8221; parallax_style=&#8221;vcpb-default&#8221;&hellip;<\/p>\n","protected":false},"author":2,"featured_media":0,"parent":0,"menu_order":0,"comment_status":"closed","ping_status":"closed","template":"","meta":{"footnotes":""},"class_list":["post-174","page","type-page","status-publish","hentry","description-off"],"_links":{"self":[{"href":"https:\/\/uddcolor.com\/index.php\/wp-json\/wp\/v2\/pages\/174","targetHints":{"allow":["GET"]}}],"collection":[{"href":"https:\/\/uddcolor.com\/index.php\/wp-json\/wp\/v2\/pages"}],"about":[{"href":"https:\/\/uddcolor.com\/index.php\/wp-json\/wp\/v2\/types\/page"}],"author":[{"embeddable":true,"href":"https:\/\/uddcolor.com\/index.php\/wp-json\/wp\/v2\/users\/2"}],"replies":[{"embeddable":true,"href":"https:\/\/uddcolor.com\/index.php\/wp-json\/wp\/v2\/comments?post=174"}],"version-history":[{"count":7,"href":"https:\/\/uddcolor.com\/index.php\/wp-json\/wp\/v2\/pages\/174\/revisions"}],"predecessor-version":[{"id":179,"href":"https:\/\/uddcolor.com\/index.php\/wp-json\/wp\/v2\/pages\/174\/revisions\/179"}],"wp:attachment":[{"href":"https:\/\/uddcolor.com\/index.php\/wp-json\/wp\/v2\/media?parent=174"}],"curies":[{"name":"wp","href":"https:\/\/api.w.org\/{rel}","templated":true}]}}