{"id":103,"date":"2019-05-31T13:55:07","date_gmt":"2019-05-31T13:55:07","guid":{"rendered":"https:\/\/uddcolor.com\/?page_id=103"},"modified":"2019-06-04T07:53:21","modified_gmt":"2019-06-04T07:53:21","slug":"rreth-nesh","status":"publish","type":"page","link":"https:\/\/uddcolor.com\/index.php\/rreth-nesh\/","title":{"rendered":"Rreth Nesh"},"content":{"rendered":"<div class=\"wpb-content-wrapper\"><p>[vc_row][vc_column width=&#8221;1\/2&#8243;][vc_single_image image=&#8221;71&#8243; img_size=&#8221;medium&#8221; css=&#8221;.vc_custom_1559309580879{margin-bottom: -132px !important;margin-left: 40px !important;}&#8221;][\/vc_column][vc_column width=&#8221;1\/2&#8243;][\/vc_column][\/vc_row][vc_row][vc_column width=&#8221;1\/2&#8243;][vc_empty_space][vc_custom_heading text=&#8221;Kush Jemi Ne&#8221; font_container=&#8221;tag:h2|text_align:left|color:%23052664&#8243; google_fonts=&#8221;font_family:Montserrat%3Aregular%2C700|font_style:700%20bold%20regular%3A700%3Anormal&#8221;][vc_empty_space][vc_column_text]<\/p>\n<p style=\"text-align: justify;\"><span style=\"color: #333333;\">UDD Color shpk \u00ebsht\u00eb nj\u00eb shoq\u00ebri q\u00eb operon n\u00eb tregun vendas prej disa vitesh. Firma ushtron aktivitetin n\u00eb fush\u00ebn e importimit dhe tregtimit t\u00eb produkteve t\u00eb industris\u00eb s\u00eb bojrave. Produktet e saj jan\u00eb tep\u00ebr cil\u00ebsore dhe me trendet m\u00eb t\u00eb fundit t\u00eb koh\u00ebs, duke plot\u00ebsuar cdo k\u00ebrkes\u00eb tuaj\u00ebn p\u00ebr lyerjen e ambjenteve t\u00eb jashtme e t\u00eb brendshme.<\/span><\/p>\n<p style=\"text-align: justify;\"><span style=\"color: #333333;\">Porosit\u00eb tuaja jan\u00eb t\u00eb shpejta dhe t\u00eb sigurta, prandaj dhe motoja e firm\u00ebs \u00ebsht\u00eb t\u00eb filloni dhe t\u00eb mbaroni me UDD Color, q\u00eb nga veshja e fasadave e deri tek lyerja me bojrat me cil\u00ebsore n\u00eb treg. K\u00ebto produkte jan\u00eb jo vet\u00ebm cil\u00ebsore por dhe me cmime t\u00eb favorshme p\u00ebr ju.<\/span><\/p>\n<p>[\/vc_column_text][\/vc_column][vc_column width=&#8221;1\/2&#8243;][vc_single_image image=&#8221;110&#8243; img_size=&#8221;full&#8221; alignment=&#8221;center&#8221;][\/vc_column][\/vc_row][vc_row][vc_column width=&#8221;1\/2&#8243; offset=&#8221;vc_hidden-sm vc_hidden-xs&#8221;][vc_media_grid gap=&#8221;15&#8243; grid_id=&#8221;vc_gid:1559634675337-4a9ad159-7b5c-10&#8243; include=&#8221;120,119,118,117,164,165&#8243; el_class=&#8221;media&#8221;][\/vc_column][vc_column width=&#8221;1\/2&#8243;][vc_empty_space][vc_column_text]<\/p>\n<p style=\"text-align: justify;\"><span style=\"color: #333333;\">Firma realizon punime nga m\u00eb t\u00eb ndryshme, gjithmon\u00eb n\u00eb sh\u00ebrbim t\u00eb klientit si: sisteme kapot, lyerje me boje, lyerje shtepie, punime gipsi, veshje fasade,e tj. UDD Color tregton boj\u00ebra cil\u00ebsore dhe materiale finiture t\u00eb markave m\u00eb t\u00eb mira europiane.<\/span><\/p>\n<p style=\"text-align: justify;\"><span style=\"color: #333333;\">Nj\u00eb tjet\u00ebr sh\u00ebrbim efikas q\u00eb firma e ka v\u00ebn\u00eb n\u00eb dispozicion t\u00eb klient\u00ebve jan\u00eb edhe boj\u00ebrat me kompjut\u00ebr ku secili prej jush mund t\u00eb p\u00ebrzgjedh\u00eb ngjyr\u00ebn e d\u00ebshiruar. Stafi profesional ju vjen n\u00eb ndihm\u00eb p\u00ebr t\u00eb p\u00ebrshtatur me kujdes cdo produkt me preferencat dhe interesat tuaja. Tek UDD Color shpk do t\u00eb gjeni t\u00eb gjitha llojet e bojrave p\u00ebr shijet tuaja.<\/span><\/p>\n<p>[\/vc_column_text][vc_empty_space height=&#8221;22px&#8221;]<div class=\" ubtn-ctn-left \"><a class=\"ubtn-link ult-adjust-bottom-margin ubtn-left ubtn-normal \" href=\"https:\/\/uddcolor.com\/index.php\/produkte\/\" ><button type=\"button\" id=\"ubtn-4587\"  class=\"ubtn ult-adjust-bottom-margin ult-responsive ubtn-normal ubtn-left-bg  none  ubtn-left   tooltip-69e056e7615fe\"  data-hover=\"\" data-border-color=\"\" data-bg=\"#fff190\" data-hover-bg=\"#f29437\" data-border-hover=\"\" data-shadow-hover=\"\" data-shadow-click=\"none\" data-shadow=\"\" data-shd-shadow=\"\"  data-ultimate-target='#ubtn-4587'  data-responsive-json-new='{\"font-size\":\"desktop:16px;\",\"line-height\":\"\"}'  style=\"font-weight:normal;border:none;background: #fff190;color: #052664;\"><span class=\"ubtn-hover\" style=\"background-color:#f29437\"><\/span><span class=\"ubtn-data ubtn-text \" >Produkte<\/span><\/button><\/a><\/div>[\/vc_column][\/vc_row]<\/p>\n<\/div>","protected":false},"excerpt":{"rendered":"<p>[vc_row][vc_column width=&#8221;1\/2&#8243;][vc_single_image image=&#8221;71&#8243; img_size=&#8221;medium&#8221; css=&#8221;.vc_custom_1559309580879{margin-bottom: -132px !important;margin-left: 40px !important;}&#8221;][\/vc_column][vc_column width=&#8221;1\/2&#8243;][\/vc_column][\/vc_row][vc_row][vc_column width=&#8221;1\/2&#8243;][vc_empty_space][vc_custom_heading text=&#8221;Kush Jemi Ne&#8221; font_container=&#8221;tag:h2|text_align:left|color:%23052664&#8243; google_fonts=&#8221;font_family:Montserrat%3Aregular%2C700|font_style:700%20bold%20regular%3A700%3Anormal&#8221;][vc_empty_space][vc_column_text] UDD Color shpk \u00ebsht\u00eb nj\u00eb shoq\u00ebri q\u00eb operon n\u00eb tregun vendas prej disa vitesh. Firma ushtron aktivitetin n\u00eb fush\u00ebn e importimit dhe tregtimit t\u00eb produkteve t\u00eb industris\u00eb s\u00eb bojrave. Produktet e saj jan\u00eb tep\u00ebr cil\u00ebsore dhe me trendet m\u00eb&hellip;<\/p>\n","protected":false},"author":2,"featured_media":0,"parent":0,"menu_order":0,"comment_status":"closed","ping_status":"closed","template":"","meta":{"footnotes":""},"class_list":["post-103","page","type-page","status-publish","hentry","description-off"],"_links":{"self":[{"href":"https:\/\/uddcolor.com\/index.php\/wp-json\/wp\/v2\/pages\/103","targetHints":{"allow":["GET"]}}],"collection":[{"href":"https:\/\/uddcolor.com\/index.php\/wp-json\/wp\/v2\/pages"}],"about":[{"href":"https:\/\/uddcolor.com\/index.php\/wp-json\/wp\/v2\/types\/page"}],"author":[{"embeddable":true,"href":"https:\/\/uddcolor.com\/index.php\/wp-json\/wp\/v2\/users\/2"}],"replies":[{"embeddable":true,"href":"https:\/\/uddcolor.com\/index.php\/wp-json\/wp\/v2\/comments?post=103"}],"version-history":[{"count":57,"href":"https:\/\/uddcolor.com\/index.php\/wp-json\/wp\/v2\/pages\/103\/revisions"}],"predecessor-version":[{"id":256,"href":"https:\/\/uddcolor.com\/index.php\/wp-json\/wp\/v2\/pages\/103\/revisions\/256"}],"wp:attachment":[{"href":"https:\/\/uddcolor.com\/index.php\/wp-json\/wp\/v2\/media?parent=103"}],"curies":[{"name":"wp","href":"https:\/\/api.w.org\/{rel}","templated":true}]}}